{"id":219518,"date":"2022-05-17T12:34:36","date_gmt":"2022-05-17T10:34:36","guid":{"rendered":"https:\/\/www.ngladvisory.com\/krzysztof-sakierski\/"},"modified":"2023-05-30T12:49:49","modified_gmt":"2023-05-30T10:49:49","slug":"krzysztofwiater","status":"publish","type":"page","link":"https:\/\/www.ngladvisory.com\/pl\/krzysztofwiater\/","title":{"rendered":"Krzysztof Wiater"},"content":{"rendered":"<p>[et_pb_section fb_built=&#8221;1&#8243; admin_label=&#8221;Hero Section&#8221; _builder_version=&#8221;4.16&#8243; custom_padding=&#8221;0|0px|0px|0px&#8221; global_colors_info=&#8221;{}&#8221;][et_pb_row column_structure=&#8221;1_2,1_2&#8243; use_custom_gutter=&#8221;on&#8221; make_equal=&#8221;on&#8221; _builder_version=&#8221;4.16&#8243; width=&#8221;100%&#8221; max_width=&#8221;100%&#8221; custom_padding=&#8221;0px|0|0px|&#8221; animation_style=&#8221;slide&#8221; animation_direction=&#8221;left&#8221; use_custom_width=&#8221;on&#8221; width_unit=&#8221;off&#8221; custom_width_percent=&#8221;100%&#8221; global_colors_info=&#8221;{}&#8221;][et_pb_column type=&#8221;1_2&#8243; _builder_version=&#8221;4.16&#8243; custom_padding=&#8221;200px|4%|200px|8%&#8221; custom_padding_tablet=&#8221;60px|10%|60px|10%&#8221; custom_padding_phone=&#8221;60px|10%|60px|10%&#8221; custom_padding_last_edited=&#8221;on|tablet&#8221; global_colors_info=&#8221;{}&#8221; padding_tablet=&#8221;60px|10%|60px|10%&#8221; padding_last_edited=&#8221;on|tablet&#8221; custom_padding__hover=&#8221;|||&#8221; padding_phone=&#8221;60px|10%|60px|10%&#8221;][et_pb_text admin_label=&#8221;Our people label&#8221; _builder_version=&#8221;4.17.4&#8243; header_text_align=&#8221;center&#8221; header_3_font=&#8221;|700||on|||||&#8221; header_3_text_color=&#8221;#c2ab92&#8243; header_3_font_size=&#8221;16px&#8221; header_3_letter_spacing=&#8221;1px&#8221; vertical_offset_tablet=&#8221;0&#8243; horizontal_offset_tablet=&#8221;0&#8243; text_orientation=&#8221;center&#8221; background_layout=&#8221;dark&#8221; module_alignment=&#8221;right&#8221; custom_margin=&#8221;40px||20px|&#8221; z_index_tablet=&#8221;0&#8243; text_text_shadow_horizontal_length_tablet=&#8221;0px&#8221; text_text_shadow_vertical_length_tablet=&#8221;0px&#8221; text_text_shadow_blur_strength_tablet=&#8221;1px&#8221; link_text_shadow_horizontal_length_tablet=&#8221;0px&#8221; link_text_shadow_vertical_length_tablet=&#8221;0px&#8221; link_text_shadow_blur_strength_tablet=&#8221;1px&#8221; ul_text_shadow_horizontal_length_tablet=&#8221;0px&#8221; ul_text_shadow_vertical_length_tablet=&#8221;0px&#8221; ul_text_shadow_blur_strength_tablet=&#8221;1px&#8221; ol_text_shadow_horizontal_length_tablet=&#8221;0px&#8221; ol_text_shadow_vertical_length_tablet=&#8221;0px&#8221; ol_text_shadow_blur_strength_tablet=&#8221;1px&#8221; quote_text_shadow_horizontal_length_tablet=&#8221;0px&#8221; quote_text_shadow_vertical_length_tablet=&#8221;0px&#8221; quote_text_shadow_blur_strength_tablet=&#8221;1px&#8221; header_text_shadow_horizontal_length_tablet=&#8221;0px&#8221; header_text_shadow_vertical_length_tablet=&#8221;0px&#8221; header_text_shadow_blur_strength_tablet=&#8221;1px&#8221; header_2_text_shadow_horizontal_length_tablet=&#8221;0px&#8221; header_2_text_shadow_vertical_length_tablet=&#8221;0px&#8221; header_2_text_shadow_blur_strength_tablet=&#8221;1px&#8221; header_3_text_shadow_horizontal_length_tablet=&#8221;0px&#8221; header_3_text_shadow_vertical_length_tablet=&#8221;0px&#8221; header_3_text_shadow_blur_strength_tablet=&#8221;1px&#8221; header_4_text_shadow_horizontal_length_tablet=&#8221;0px&#8221; header_4_text_shadow_vertical_length_tablet=&#8221;0px&#8221; header_4_text_shadow_blur_strength_tablet=&#8221;1px&#8221; header_5_text_shadow_horizontal_length_tablet=&#8221;0px&#8221; header_5_text_shadow_vertical_length_tablet=&#8221;0px&#8221; header_5_text_shadow_blur_strength_tablet=&#8221;1px&#8221; header_6_text_shadow_horizontal_length_tablet=&#8221;0px&#8221; header_6_text_shadow_vertical_length_tablet=&#8221;0px&#8221; header_6_text_shadow_blur_strength_tablet=&#8221;1px&#8221; box_shadow_horizontal_tablet=&#8221;0px&#8221; box_shadow_vertical_tablet=&#8221;0px&#8221; box_shadow_blur_tablet=&#8221;40px&#8221; box_shadow_spread_tablet=&#8221;0px&#8221; global_colors_info=&#8221;{}&#8221;]<\/p>\n<h3 style=\"text-align: left;\"><span style=\"color: #95b4bd;\">Nasz zesp\u00f3\u0142<\/span><\/h3>\n<p>[\/et_pb_text][et_pb_text admin_label=&#8221;Name\/position&#8221; _builder_version=&#8221;4.21.0&#8243; text_font=&#8221;||||||||&#8221; text_text_color=&#8221;#000000&#8243; header_font=&#8221;||||||||&#8221; header_3_font=&#8221;Karla|700||on|||||&#8221; header_3_text_color=&#8221;#c2ab92&#8243; header_3_font_size=&#8221;16px&#8221; header_3_letter_spacing=&#8221;1px&#8221; max_width=&#8221;600px&#8221; module_alignment=&#8221;left&#8221; custom_margin=&#8221;||20px|&#8221; locked=&#8221;off&#8221; global_colors_info=&#8221;{}&#8221;]<\/p>\n<h2>Krzysztof Wiater<\/h2>\n<h4>CEO<\/h4>\n<p>[\/et_pb_text][et_pb_text admin_label=&#8221;bio copy &#8221; _builder_version=&#8221;4.21.0&#8243; text_font=&#8221;Karla||||||||&#8221; text_font_size=&#8221;18px&#8221; text_line_height=&#8221;1.8em&#8221; header_font=&#8221;Cormorant Garamond||||||||&#8221; header_font_size=&#8221;56px&#8221; header_line_height=&#8221;1.4em&#8221; header_2_font=&#8221;||||||||&#8221; header_3_font=&#8221;||||||||&#8221; max_width=&#8221;600px&#8221; header_font_size_tablet=&#8221;40px&#8221; header_font_size_phone=&#8221;&#8221; header_font_size_last_edited=&#8221;on|tablet&#8221; locked=&#8221;off&#8221; global_colors_info=&#8221;{}&#8221;]<\/p>\n<p>Ceniony za profesjonalizm, otwarto\u015b\u0107 i umiej\u0119tno\u015b\u0107 ws\u0142uchania si\u0119 w potrzeby, a jednocze\u015bnie obiektywn\u0105 ocen\u0119 sytuacji i takie opracowanie rozwi\u0105za\u0144, aby najlepiej spe\u0142nia\u0142y cele biznesowe klienta.<\/p>\n<p>Doradza kompleksowo w zakresie opracowywania strategii biznesowych, w tym analizach, opracowaniu lub modyfikacji model\u00f3w biznesowych, z uwzgl\u0119dnieniem przeprowadzonej na wst\u0119pie dog\u0142\u0119bnej analizy potrzeb klienta.<\/p>\n<p>Krzysztof doradza\u0142 przy najwi\u0119kszych projektach z zakresu prawa korporacyjnego, fuzji i przej\u0119\u0107, oraz w obszarze restrukturyzacji korporacyjnej, ze szczeg\u00f3lnym uwzgl\u0119dnieniem klient\u00f3w z sektora energetycznego i ubezpieczeniowego.<\/p>\n<p>Ponadto ma wieloletnie do\u015bwiadczenie we wsp\u00f3\u0142pracy z instytucjami publicznymi oraz agencjami rz\u0105dowymi, kt\u00f3re zdoby\u0142 reprezentuj\u0105c podmioty Skarbu Pa\u0144stwa w wielu znacz\u0105cych transakcjach.<\/p>\n<p>[\/et_pb_text][et_pb_text admin_label=&#8221;Specialisation&#8221; _builder_version=&#8221;4.21.0&#8243; text_font=&#8221;Karla||||||||&#8221; text_font_size=&#8221;18px&#8221; text_line_height=&#8221;1.8em&#8221; header_font=&#8221;Cormorant Garamond||||||||&#8221; header_font_size=&#8221;56px&#8221; header_line_height=&#8221;1.4em&#8221; header_2_font=&#8221;||||||||&#8221; header_3_font=&#8221;||||||||&#8221; max_width=&#8221;600px&#8221; header_font_size_tablet=&#8221;40px&#8221; header_font_size_phone=&#8221;&#8221; header_font_size_last_edited=&#8221;on|tablet&#8221; locked=&#8221;off&#8221; global_colors_info=&#8221;{}&#8221;]<\/p>\n<h4><strong>SPECJALIZACJA:<\/strong><\/h4>\n<p>Doradztwo strategiczne i konsulting<br \/>Planowanie \/ road mapping<br \/>Zarz\u0105dzanie programami<br \/>Bud\u017cetowanie<\/p>\n<p>[\/et_pb_text][et_pb_button button_url=&#8221;https:\/\/www.ngladvisory.com\/pl\/zespol\/&#8221; button_text=&#8221;POWR\u00d3T&#8221; admin_label=&#8221;Back People button EN&#8221; _builder_version=&#8221;4.17.4&#8243; _module_preset=&#8221;default&#8221; custom_button=&#8221;on&#8221; button_text_size=&#8221;14px&#8221; button_text_color=&#8221;#EB2E3B&#8221; button_bg_color=&#8221;RGBA(255,255,255,0)&#8221; button_icon=&#8221;&#x23;||divi||400&#8243; button_icon_color=&#8221;#EB2E3B&#8221; global_colors_info=&#8221;{}&#8221;][\/et_pb_button][\/et_pb_column][et_pb_column type=&#8221;1_2&#8243; _builder_version=&#8221;4.16&#8243; use_background_color_gradient=&#8221;on&#8221; background_color_gradient_stops=&#8221;rgba(18,18,18,0.5) 0%|#0a0a0a 32%&#8221; background_color_gradient_overlays_image=&#8221;on&#8221; background_color_gradient_start=&#8221;rgba(18,18,18,0.5)&#8221; background_color_gradient_end=&#8221;#0a0a0a&#8221; background_color_gradient_end_position=&#8221;32%&#8221; background_enable_image=&#8221;off&#8221; custom_padding=&#8221;100px||100px|&#8221; custom_padding_tablet=&#8221;60px||60px|&#8221; custom_padding_phone=&#8221;60px||60px|&#8221; custom_padding_last_edited=&#8221;on|desktop&#8221; global_colors_info=&#8221;{}&#8221; padding_tablet=&#8221;60px||60px|&#8221; padding_last_edited=&#8221;on|desktop&#8221; custom_padding__hover=&#8221;|||&#8221; padding_phone=&#8221;60px||60px|&#8221;][et_pb_image src=&#8221;https:\/\/www.ngladvisory.com\/wp-content\/uploads\/Krzysztof-Wiater-large-Advisory.jpg&#8221; title_text=&#8221;Krzysztof Wiater &#8211; large Advisory&#8221; align_tablet=&#8221;center&#8221; align_phone=&#8221;center&#8221; align_last_edited=&#8221;on|desktop&#8221; _builder_version=&#8221;4.21.0&#8243; max_width=&#8221;600px&#8221; max_width_tablet=&#8221;&#8221; max_width_phone=&#8221;&#8221; max_width_last_edited=&#8221;on|desktop&#8221; custom_margin=&#8221;|||-8%&#8221; custom_margin_tablet=&#8221;60px|60px|60px|60px&#8221; custom_margin_phone=&#8221;&#8221; custom_margin_last_edited=&#8221;on|desktop&#8221; custom_padding=&#8221;|||&#8221; animation_style=&#8221;slide&#8221; animation_direction=&#8221;left&#8221; animation_duration=&#8221;1800ms&#8221; animation_delay=&#8221;550ms&#8221; animation_starting_opacity=&#8221;64%&#8221; animation_speed_curve=&#8221;ease&#8221; box_shadow_style=&#8221;preset3&#8243; box_shadow_blur=&#8221;80px&#8221; global_colors_info=&#8221;{}&#8221;][\/et_pb_image][et_pb_text admin_label=&#8221;Mobile\/Email&#8221; _builder_version=&#8221;4.21.0&#8243; _module_preset=&#8221;default&#8221; background_layout=&#8221;dark&#8221; custom_margin=&#8221;|||45px|false|false&#8221; global_colors_info=&#8221;{}&#8221;]<\/p>\n<p><strong>M: + 48 601 579 760<br \/>E: <a href=\"mailto:krzysztof.wiater@ngladvisory.com\">krzysztof.wiater@ngladvisory.com<\/a><br \/><\/strong><\/p>\n<p>[\/et_pb_text][et_pb_social_media_follow icon_color=&#8221;#252D38&#8243; _builder_version=&#8221;4.21.0&#8243; _module_preset=&#8221;default&#8221; background_color=&#8221;RGBA(255,255,255,0)&#8221; custom_margin=&#8221;|||45px|false|false&#8221; global_colors_info=&#8221;{}&#8221;][et_pb_social_media_follow_network social_network=&#8221;linkedin&#8221; url=&#8221;https:\/\/www.linkedin.com\/in\/krzysztofwiater\/&#8221; _builder_version=&#8221;4.21.0&#8243; _module_preset=&#8221;default&#8221; background_color=&#8221;#FFFFFF&#8221; background_enable_color=&#8221;on&#8221; global_colors_info=&#8221;{}&#8221; follow_button=&#8221;off&#8221; url_new_window=&#8221;on&#8221;]linkedin[\/et_pb_social_media_follow_network][\/et_pb_social_media_follow][\/et_pb_column][\/et_pb_row][\/et_pb_section][et_pb_section fb_built=&#8221;1&#8243; admin_label=&#8221;Welcome &#038; About Us&#8221; _builder_version=&#8221;4.16&#8243; background_color=&#8221;#121212&#8243; use_background_color_gradient=&#8221;on&#8221; background_color_gradient_stops=&#8221;#000000 20%|rgba(18,18,18,0.6) 100%&#8221; background_color_gradient_overlays_image=&#8221;on&#8221; background_color_gradient_start=&#8221;#000000&#8243; background_color_gradient_start_position=&#8221;20%&#8221; background_color_gradient_end=&#8221;rgba(18,18,18,0.6)&#8221; background_enable_image=&#8221;off&#8221; custom_padding=&#8221;8%|0px|20%|0px&#8221; global_colors_info=&#8221;{}&#8221;][et_pb_row _builder_version=&#8221;4.16&#8243; custom_margin=&#8221;|||&#8221; custom_padding=&#8221;||60px|&#8221; animation_style=&#8221;fade&#8221; global_colors_info=&#8221;{}&#8221;][et_pb_column type=&#8221;4_4&#8243; _builder_version=&#8221;4.16&#8243; custom_padding=&#8221;|||&#8221; global_colors_info=&#8221;{}&#8221; custom_padding__hover=&#8221;|||&#8221;][\/et_pb_column][\/et_pb_row][\/et_pb_section]<\/p>\n","protected":false},"excerpt":{"rendered":"<p>Nasz zesp\u00f3\u0142Krzysztof Wiater CEOCeniony za profesjonalizm, otwarto\u015b\u0107 i umiej\u0119tno\u015b\u0107 ws\u0142uchania si\u0119 w potrzeby, a jednocze\u015bnie obiektywn\u0105 ocen\u0119 sytuacji i takie opracowanie rozwi\u0105za\u0144, aby najlepiej spe\u0142nia\u0142y cele biznesowe klienta. Doradza kompleksowo w zakresie opracowywania strategii biznesowych, w tym analizach, opracowaniu lub modyfikacji model\u00f3w biznesowych, z uwzgl\u0119dnieniem przeprowadzonej na wst\u0119pie dog\u0142\u0119bnej analizy potrzeb klienta. Krzysztof doradza\u0142 przy [&hellip;]<\/p>\n","protected":false},"author":7,"featured_media":0,"parent":0,"menu_order":999,"comment_status":"closed","ping_status":"closed","template":"","meta":{"_et_pb_use_builder":"on","_et_pb_old_content":"","_et_gb_content_width":"","inline_featured_image":false,"footnotes":""},"class_list":["post-219518","page","type-page","status-publish","hentry"],"yoast_head":"<!-- This site is optimized with the Yoast SEO plugin v27.4 - https:\/\/yoast.com\/product\/yoast-seo-wordpress\/ -->\n<title>Krzysztof Wiater | NGL Advisory<\/title>\n<meta name=\"robots\" content=\"index, follow, max-snippet:-1, max-image-preview:large, max-video-preview:-1\" \/>\n<link rel=\"canonical\" href=\"https:\/\/www.ngladvisory.com\/pl\/krzysztofwiater\/\" \/>\n<meta property=\"og:locale\" content=\"pl_PL\" \/>\n<meta property=\"og:type\" content=\"article\" \/>\n<meta property=\"og:title\" content=\"Krzysztof Wiater | NGL Advisory\" \/>\n<meta property=\"og:url\" content=\"https:\/\/www.ngladvisory.com\/pl\/krzysztofwiater\/\" \/>\n<meta property=\"og:site_name\" content=\"NGL Advisory\" \/>\n<meta property=\"article:modified_time\" content=\"2023-05-30T10:49:49+00:00\" \/>\n<meta name=\"twitter:card\" content=\"summary_large_image\" \/>\n<meta name=\"twitter:label1\" content=\"Szacowany czas czytania\" \/>\n\t<meta name=\"twitter:data1\" content=\"6 minut\" \/>\n<script type=\"application\/ld+json\" class=\"yoast-schema-graph\">{\"@context\":\"https:\\\/\\\/schema.org\",\"@graph\":[{\"@type\":\"WebPage\",\"@id\":\"https:\\\/\\\/www.ngladvisory.com\\\/pl\\\/krzysztofwiater\\\/\",\"url\":\"https:\\\/\\\/www.ngladvisory.com\\\/pl\\\/krzysztofwiater\\\/\",\"name\":\"Krzysztof Wiater | NGL Advisory\",\"isPartOf\":{\"@id\":\"https:\\\/\\\/www.ngladvisory.com\\\/pl\\\/#website\"},\"datePublished\":\"2022-05-17T10:34:36+00:00\",\"dateModified\":\"2023-05-30T10:49:49+00:00\",\"breadcrumb\":{\"@id\":\"https:\\\/\\\/www.ngladvisory.com\\\/pl\\\/krzysztofwiater\\\/#breadcrumb\"},\"inLanguage\":\"pl-PL\",\"potentialAction\":[{\"@type\":\"ReadAction\",\"target\":[\"https:\\\/\\\/www.ngladvisory.com\\\/pl\\\/krzysztofwiater\\\/\"]}]},{\"@type\":\"BreadcrumbList\",\"@id\":\"https:\\\/\\\/www.ngladvisory.com\\\/pl\\\/krzysztofwiater\\\/#breadcrumb\",\"itemListElement\":[{\"@type\":\"ListItem\",\"position\":1,\"name\":\"Home\",\"item\":\"https:\\\/\\\/www.ngladvisory.com\\\/pl\\\/\"},{\"@type\":\"ListItem\",\"position\":2,\"name\":\"Krzysztof Wiater\"}]},{\"@type\":\"WebSite\",\"@id\":\"https:\\\/\\\/www.ngladvisory.com\\\/pl\\\/#website\",\"url\":\"https:\\\/\\\/www.ngladvisory.com\\\/pl\\\/\",\"name\":\"NGL Advisory\",\"description\":\"\",\"potentialAction\":[{\"@type\":\"SearchAction\",\"target\":{\"@type\":\"EntryPoint\",\"urlTemplate\":\"https:\\\/\\\/www.ngladvisory.com\\\/pl\\\/?s={search_term_string}\"},\"query-input\":{\"@type\":\"PropertyValueSpecification\",\"valueRequired\":true,\"valueName\":\"search_term_string\"}}],\"inLanguage\":\"pl-PL\"}]}<\/script>\n<!-- \/ Yoast SEO plugin. -->","yoast_head_json":{"title":"Krzysztof Wiater | NGL Advisory","robots":{"index":"index","follow":"follow","max-snippet":"max-snippet:-1","max-image-preview":"max-image-preview:large","max-video-preview":"max-video-preview:-1"},"canonical":"https:\/\/www.ngladvisory.com\/pl\/krzysztofwiater\/","og_locale":"pl_PL","og_type":"article","og_title":"Krzysztof Wiater | NGL Advisory","og_url":"https:\/\/www.ngladvisory.com\/pl\/krzysztofwiater\/","og_site_name":"NGL Advisory","article_modified_time":"2023-05-30T10:49:49+00:00","twitter_card":"summary_large_image","twitter_misc":{"Szacowany czas czytania":"6 minut"},"schema":{"@context":"https:\/\/schema.org","@graph":[{"@type":"WebPage","@id":"https:\/\/www.ngladvisory.com\/pl\/krzysztofwiater\/","url":"https:\/\/www.ngladvisory.com\/pl\/krzysztofwiater\/","name":"Krzysztof Wiater | NGL Advisory","isPartOf":{"@id":"https:\/\/www.ngladvisory.com\/pl\/#website"},"datePublished":"2022-05-17T10:34:36+00:00","dateModified":"2023-05-30T10:49:49+00:00","breadcrumb":{"@id":"https:\/\/www.ngladvisory.com\/pl\/krzysztofwiater\/#breadcrumb"},"inLanguage":"pl-PL","potentialAction":[{"@type":"ReadAction","target":["https:\/\/www.ngladvisory.com\/pl\/krzysztofwiater\/"]}]},{"@type":"BreadcrumbList","@id":"https:\/\/www.ngladvisory.com\/pl\/krzysztofwiater\/#breadcrumb","itemListElement":[{"@type":"ListItem","position":1,"name":"Home","item":"https:\/\/www.ngladvisory.com\/pl\/"},{"@type":"ListItem","position":2,"name":"Krzysztof Wiater"}]},{"@type":"WebSite","@id":"https:\/\/www.ngladvisory.com\/pl\/#website","url":"https:\/\/www.ngladvisory.com\/pl\/","name":"NGL Advisory","description":"","potentialAction":[{"@type":"SearchAction","target":{"@type":"EntryPoint","urlTemplate":"https:\/\/www.ngladvisory.com\/pl\/?s={search_term_string}"},"query-input":{"@type":"PropertyValueSpecification","valueRequired":true,"valueName":"search_term_string"}}],"inLanguage":"pl-PL"}]}},"jetpack_sharing_enabled":true,"_links":{"self":[{"href":"https:\/\/www.ngladvisory.com\/pl\/wp-json\/wp\/v2\/pages\/219518","targetHints":{"allow":["GET"]}}],"collection":[{"href":"https:\/\/www.ngladvisory.com\/pl\/wp-json\/wp\/v2\/pages"}],"about":[{"href":"https:\/\/www.ngladvisory.com\/pl\/wp-json\/wp\/v2\/types\/page"}],"author":[{"embeddable":true,"href":"https:\/\/www.ngladvisory.com\/pl\/wp-json\/wp\/v2\/users\/7"}],"replies":[{"embeddable":true,"href":"https:\/\/www.ngladvisory.com\/pl\/wp-json\/wp\/v2\/comments?post=219518"}],"version-history":[{"count":8,"href":"https:\/\/www.ngladvisory.com\/pl\/wp-json\/wp\/v2\/pages\/219518\/revisions"}],"predecessor-version":[{"id":219999,"href":"https:\/\/www.ngladvisory.com\/pl\/wp-json\/wp\/v2\/pages\/219518\/revisions\/219999"}],"wp:attachment":[{"href":"https:\/\/www.ngladvisory.com\/pl\/wp-json\/wp\/v2\/media?parent=219518"}],"curies":[{"name":"wp","href":"https:\/\/api.w.org\/{rel}","templated":true}]}}