{"id":220304,"date":"2025-04-28T13:03:21","date_gmt":"2025-04-28T11:03:21","guid":{"rendered":"https:\/\/www.ngladvisory.com\/maciej-wiatrak\/"},"modified":"2025-04-28T13:03:22","modified_gmt":"2025-04-28T11:03:22","slug":"maciej-wiatrak","status":"publish","type":"page","link":"https:\/\/www.ngladvisory.com\/pl\/maciej-wiatrak\/","title":{"rendered":"Maciej Wiatrak"},"content":{"rendered":"<p>[et_pb_section fb_built=&#8221;1&#8243; admin_label=&#8221;Hero Section&#8221; _builder_version=&#8221;4.16&#8243; custom_padding=&#8221;0|0px|0px|0px&#8221; global_colors_info=&#8221;{}&#8221;][et_pb_row column_structure=&#8221;1_2,1_2&#8243; use_custom_gutter=&#8221;on&#8221; make_equal=&#8221;on&#8221; _builder_version=&#8221;4.16&#8243; width=&#8221;100%&#8221; max_width=&#8221;100%&#8221; custom_padding=&#8221;0px|0|0px|&#8221; animation_style=&#8221;slide&#8221; animation_direction=&#8221;left&#8221; use_custom_width=&#8221;on&#8221; width_unit=&#8221;off&#8221; custom_width_percent=&#8221;100%&#8221; global_colors_info=&#8221;{}&#8221;][et_pb_column type=&#8221;1_2&#8243; _builder_version=&#8221;4.16&#8243; custom_padding=&#8221;200px|4%|200px|8%&#8221; custom_padding_tablet=&#8221;60px|10%|60px|10%&#8221; custom_padding_phone=&#8221;60px|10%|60px|10%&#8221; custom_padding_last_edited=&#8221;on|tablet&#8221; global_colors_info=&#8221;{}&#8221; padding_tablet=&#8221;60px|10%|60px|10%&#8221; padding_last_edited=&#8221;on|tablet&#8221; custom_padding__hover=&#8221;|||&#8221; padding_phone=&#8221;60px|10%|60px|10%&#8221;][et_pb_text admin_label=&#8221;Our people label&#8221; _builder_version=&#8221;4.27.4&#8243; header_text_align=&#8221;center&#8221; header_3_font=&#8221;|700||on|||||&#8221; header_3_text_color=&#8221;#c2ab92&#8243; header_3_font_size=&#8221;16px&#8221; header_3_letter_spacing=&#8221;1px&#8221; vertical_offset_tablet=&#8221;0&#8243; horizontal_offset_tablet=&#8221;0&#8243; text_orientation=&#8221;center&#8221; background_layout=&#8221;dark&#8221; module_alignment=&#8221;right&#8221; custom_margin=&#8221;40px||20px|&#8221; z_index_tablet=&#8221;0&#8243; text_text_shadow_horizontal_length_tablet=&#8221;0px&#8221; text_text_shadow_vertical_length_tablet=&#8221;0px&#8221; text_text_shadow_blur_strength_tablet=&#8221;1px&#8221; link_text_shadow_horizontal_length_tablet=&#8221;0px&#8221; link_text_shadow_vertical_length_tablet=&#8221;0px&#8221; link_text_shadow_blur_strength_tablet=&#8221;1px&#8221; ul_text_shadow_horizontal_length_tablet=&#8221;0px&#8221; ul_text_shadow_vertical_length_tablet=&#8221;0px&#8221; ul_text_shadow_blur_strength_tablet=&#8221;1px&#8221; ol_text_shadow_horizontal_length_tablet=&#8221;0px&#8221; ol_text_shadow_vertical_length_tablet=&#8221;0px&#8221; ol_text_shadow_blur_strength_tablet=&#8221;1px&#8221; quote_text_shadow_horizontal_length_tablet=&#8221;0px&#8221; quote_text_shadow_vertical_length_tablet=&#8221;0px&#8221; quote_text_shadow_blur_strength_tablet=&#8221;1px&#8221; header_text_shadow_horizontal_length_tablet=&#8221;0px&#8221; header_text_shadow_vertical_length_tablet=&#8221;0px&#8221; header_text_shadow_blur_strength_tablet=&#8221;1px&#8221; header_2_text_shadow_horizontal_length_tablet=&#8221;0px&#8221; header_2_text_shadow_vertical_length_tablet=&#8221;0px&#8221; header_2_text_shadow_blur_strength_tablet=&#8221;1px&#8221; header_3_text_shadow_horizontal_length_tablet=&#8221;0px&#8221; header_3_text_shadow_vertical_length_tablet=&#8221;0px&#8221; header_3_text_shadow_blur_strength_tablet=&#8221;1px&#8221; header_4_text_shadow_horizontal_length_tablet=&#8221;0px&#8221; header_4_text_shadow_vertical_length_tablet=&#8221;0px&#8221; header_4_text_shadow_blur_strength_tablet=&#8221;1px&#8221; header_5_text_shadow_horizontal_length_tablet=&#8221;0px&#8221; header_5_text_shadow_vertical_length_tablet=&#8221;0px&#8221; header_5_text_shadow_blur_strength_tablet=&#8221;1px&#8221; header_6_text_shadow_horizontal_length_tablet=&#8221;0px&#8221; header_6_text_shadow_vertical_length_tablet=&#8221;0px&#8221; header_6_text_shadow_blur_strength_tablet=&#8221;1px&#8221; box_shadow_horizontal_tablet=&#8221;0px&#8221; box_shadow_vertical_tablet=&#8221;0px&#8221; box_shadow_blur_tablet=&#8221;40px&#8221; box_shadow_spread_tablet=&#8221;0px&#8221; global_colors_info=&#8221;{}&#8221;]<\/p>\n<h3 style=\"text-align: left;\"><span style=\"color: #95b4bd;\">Nasz zesp\u00f3\u0142<\/span><\/h3>\n<p>[\/et_pb_text][et_pb_text admin_label=&#8221;Name\/position&#8221; _builder_version=&#8221;4.27.4&#8243; text_font=&#8221;||||||||&#8221; text_text_color=&#8221;#000000&#8243; header_font=&#8221;||||||||&#8221; header_3_font=&#8221;Karla|700||on|||||&#8221; header_3_text_color=&#8221;#c2ab92&#8243; header_3_font_size=&#8221;16px&#8221; header_3_letter_spacing=&#8221;1px&#8221; max_width=&#8221;600px&#8221; module_alignment=&#8221;left&#8221; custom_margin=&#8221;||20px|&#8221; locked=&#8221;off&#8221; global_colors_info=&#8221;{}&#8221;]<\/p>\n<h2>Maciej Wiatrak<\/h2>\n<p><\/p>\n<h4>EXPERT<\/h4>\n<p>[\/et_pb_text][et_pb_text admin_label=&#8221;bio copy &#8221; _builder_version=&#8221;4.27.4&#8243; text_font=&#8221;Karla||||||||&#8221; text_font_size=&#8221;18px&#8221; text_line_height=&#8221;1.8em&#8221; header_font=&#8221;Cormorant Garamond||||||||&#8221; header_font_size=&#8221;56px&#8221; header_line_height=&#8221;1.4em&#8221; header_2_font=&#8221;||||||||&#8221; header_3_font=&#8221;||||||||&#8221; max_width=&#8221;600px&#8221; header_font_size_tablet=&#8221;40px&#8221; header_font_size_phone=&#8221;&#8221; header_font_size_last_edited=&#8221;on|tablet&#8221; locked=&#8221;off&#8221; global_colors_info=&#8221;{}&#8221;]<\/p>\n<p>Maciej Wiatrak to do\u015bwiadczony ekspert w dziedzinie energetyki i elektromobilno\u015bci, posiadaj\u0105cy silne zaplecze w zarz\u0105dzaniu projektami, innowacjami i rozwoju produkt\u00f3w. Jego kariera obejmuje intensywne zaanga\u017cowanie w zarz\u0105dzanie inicjatywami badawczo-rozwojowymi (R&amp;D), nadzorowanie du\u017cych projekt\u00f3w innowacyjnych oraz wdra\u017canie nowoczesnych rozwi\u0105za\u0144 w sektorze energetycznym.<\/p>\n<p><\/p>\n<p>Pe\u0142ni\u0142 kierownicze stanowiska w jednej z najwi\u0119kszych polskich firm energetycznych, gdzie odegra\u0142 kluczow\u0105 rol\u0119 w rozwoju i rozbudowie publicznej infrastruktury elektromobilno\u015bci w kraju. Jego praca w tym obszarze przyczyni\u0142a si\u0119 do powstania jednej z najwi\u0119kszych sieci stacji \u0142adowania pojazd\u00f3w elektrycznych w Polsce.<\/p>\n<p><\/p>\n<p>Jako lider z powodzeniem zarz\u0105dza\u0142 centrum badawczo-rozwojowym, kieruj\u0105c pracami nad innowacjami wspieraj\u0105cymi rozw\u00f3j technologiczny i wzrost strategiczny.<\/p>\n<p><\/p>\n<p>W trakcie swojej kariery Maciej by\u0142 odpowiedzialny za nadzorowanie kluczowych projekt\u00f3w badawczo-rozwojowych i innowacyjnych, wsp\u00f3\u0142pracuj\u0105c zar\u00f3wno z partnerami biznesowymi, jak i akademickimi. Jego wiedza obejmuje opracowywanie i realizacj\u0119 strategii, optymalizacj\u0119 proces\u00f3w oraz wprowadzanie nowych produkt\u00f3w i us\u0142ug na rynek.<\/p>\n<p><\/p>\n<p>Jego zdolno\u015b\u0107 do prowadzenia z\u0142o\u017conych inicjatyw oraz innowacyjne podej\u015bcie mia\u0142y istotny wp\u0142yw na organizacje, z kt\u00f3rymi wsp\u00f3\u0142pracowa\u0142.<\/p>\n<p><\/p>\n<p>Jest absolwentem Uniwersytetu Warszawskiego (Zarz\u0105dzanie) oraz MBA na Uniwersytecie SWPS i Woodbury School of Business (Innowacje i Analiza Danych).<\/p>\n<p>[\/et_pb_text][et_pb_text admin_label=&#8221;Specialisation&#8221; _builder_version=&#8221;4.25.1&#8243; text_font=&#8221;Karla||||||||&#8221; text_font_size=&#8221;18px&#8221; text_line_height=&#8221;1.8em&#8221; header_font=&#8221;Cormorant Garamond||||||||&#8221; header_font_size=&#8221;56px&#8221; header_line_height=&#8221;1.4em&#8221; header_2_font=&#8221;||||||||&#8221; header_3_font=&#8221;||||||||&#8221; max_width=&#8221;600px&#8221; header_font_size_tablet=&#8221;40px&#8221; header_font_size_phone=&#8221;&#8221; header_font_size_last_edited=&#8221;on|tablet&#8221; locked=&#8221;off&#8221; global_colors_info=&#8221;{}&#8221;]<\/p>\n<h4><strong>SPECJALIZACJE:<\/strong><\/h4>\n<p><\/p>\n<p>Energia<br \/>Elektromobilno\u015b\u0107<br \/>Innowacje<\/p>\n<p>[\/et_pb_text][et_pb_button button_url=&#8221;https:\/\/www.ngladvisory.com\/pl\/zespol\/&#8221; button_text=&#8221;POWR\u00d3T&#8221; admin_label=&#8221;Back People button EN&#8221; _builder_version=&#8221;4.27.4&#8243; _module_preset=&#8221;default&#8221; custom_button=&#8221;on&#8221; button_text_size=&#8221;14px&#8221; button_text_color=&#8221;#EB2E3B&#8221; button_bg_color=&#8221;RGBA(255,255,255,0)&#8221; button_icon=&#8221;&#x23;||divi||400&#8243; button_icon_color=&#8221;#EB2E3B&#8221; global_colors_info=&#8221;{}&#8221;][\/et_pb_button][\/et_pb_column][et_pb_column type=&#8221;1_2&#8243; _builder_version=&#8221;4.16&#8243; use_background_color_gradient=&#8221;on&#8221; background_color_gradient_stops=&#8221;rgba(18,18,18,0.5) 0%|#0a0a0a 32%&#8221; background_color_gradient_overlays_image=&#8221;on&#8221; background_color_gradient_start=&#8221;rgba(18,18,18,0.5)&#8221; background_color_gradient_end=&#8221;#0a0a0a&#8221; background_color_gradient_end_position=&#8221;32%&#8221; background_enable_image=&#8221;off&#8221; custom_padding=&#8221;100px||100px|&#8221; custom_padding_tablet=&#8221;60px||60px|&#8221; custom_padding_phone=&#8221;60px||60px|&#8221; custom_padding_last_edited=&#8221;on|desktop&#8221; global_colors_info=&#8221;{}&#8221; padding_tablet=&#8221;60px||60px|&#8221; padding_last_edited=&#8221;on|desktop&#8221; custom_padding__hover=&#8221;|||&#8221; padding_phone=&#8221;60px||60px|&#8221;][et_pb_image src=&#8221;https:\/\/www.ngladvisory.com\/wp-content\/uploads\/Maciej-Wiatrak-1.png&#8221; title_text=&#8221;Maciej Wiatrak (1)&#8221; align_tablet=&#8221;center&#8221; align_phone=&#8221;center&#8221; align_last_edited=&#8221;on|desktop&#8221; _builder_version=&#8221;4.27.4&#8243; max_width=&#8221;600px&#8221; max_width_tablet=&#8221;&#8221; max_width_phone=&#8221;&#8221; max_width_last_edited=&#8221;on|desktop&#8221; custom_margin=&#8221;|||-8%&#8221; custom_margin_tablet=&#8221;60px|60px|60px|60px&#8221; custom_margin_phone=&#8221;&#8221; custom_margin_last_edited=&#8221;on|desktop&#8221; custom_padding=&#8221;|||&#8221; animation_style=&#8221;slide&#8221; animation_direction=&#8221;left&#8221; animation_duration=&#8221;1800ms&#8221; animation_delay=&#8221;550ms&#8221; animation_starting_opacity=&#8221;64%&#8221; animation_speed_curve=&#8221;ease&#8221; hover_enabled=&#8221;0&#8243; box_shadow_style=&#8221;preset3&#8243; box_shadow_blur=&#8221;80px&#8221; global_colors_info=&#8221;{}&#8221; sticky_enabled=&#8221;0&#8243;][\/et_pb_image][et_pb_text admin_label=&#8221;Mobile\/Email&#8221; _builder_version=&#8221;4.27.4&#8243; _module_preset=&#8221;default&#8221; background_layout=&#8221;dark&#8221; custom_margin=&#8221;|||45px|false|false&#8221; global_colors_info=&#8221;{}&#8221;]<\/p>\n<p><strong>M: + 48 501 278 187<br \/>E: <a href=\"maciej.wiatrak@ngladvisory.com\">maciej.wiatrak@ngladvisory.com<\/a><br \/><\/strong><\/p>\n<p>[\/et_pb_text][et_pb_social_media_follow icon_color=&#8221;#252D38&#8243; _builder_version=&#8221;4.27.4&#8243; _module_preset=&#8221;default&#8221; background_color=&#8221;RGBA(255,255,255,0)&#8221; custom_margin=&#8221;|||45px|false|false&#8221; global_colors_info=&#8221;{}&#8221;][et_pb_social_media_follow_network social_network=&#8221;linkedin&#8221; url=&#8221;https:\/\/www.linkedin.com\/in\/maciejwiatrak\/&#8221; _builder_version=&#8221;4.27.4&#8243; _module_preset=&#8221;default&#8221; background_color=&#8221;#FFFFFF&#8221; background_enable_color=&#8221;on&#8221; global_colors_info=&#8221;{}&#8221; follow_button=&#8221;off&#8221; url_new_window=&#8221;on&#8221;]linkedin[\/et_pb_social_media_follow_network][\/et_pb_social_media_follow][\/et_pb_column][\/et_pb_row][\/et_pb_section][et_pb_section fb_built=&#8221;1&#8243; admin_label=&#8221;Welcome &#038; About Us&#8221; _builder_version=&#8221;4.16&#8243; background_color=&#8221;#121212&#8243; use_background_color_gradient=&#8221;on&#8221; background_color_gradient_stops=&#8221;#000000 20%|rgba(18,18,18,0.6) 100%&#8221; background_color_gradient_overlays_image=&#8221;on&#8221; background_color_gradient_start=&#8221;#000000&#8243; background_color_gradient_start_position=&#8221;20%&#8221; background_color_gradient_end=&#8221;rgba(18,18,18,0.6)&#8221; background_enable_image=&#8221;off&#8221; custom_padding=&#8221;8%|0px|20%|0px&#8221; global_colors_info=&#8221;{}&#8221;][et_pb_row _builder_version=&#8221;4.16&#8243; custom_margin=&#8221;|||&#8221; custom_padding=&#8221;||60px|&#8221; animation_style=&#8221;fade&#8221; global_colors_info=&#8221;{}&#8221;][et_pb_column type=&#8221;4_4&#8243; _builder_version=&#8221;4.16&#8243; custom_padding=&#8221;|||&#8221; global_colors_info=&#8221;{}&#8221; custom_padding__hover=&#8221;|||&#8221;][\/et_pb_column][\/et_pb_row][\/et_pb_section][et_pb_section fb_built=&#8221;1&#8243; _builder_version=&#8221;4.27.4&#8243; _module_preset=&#8221;default&#8221; global_colors_info=&#8221;{}&#8221;][et_pb_row _builder_version=&#8221;4.27.4&#8243; _module_preset=&#8221;default&#8221; global_colors_info=&#8221;{}&#8221;][et_pb_column type=&#8221;4_4&#8243; _builder_version=&#8221;4.27.4&#8243; _module_preset=&#8221;default&#8221; global_colors_info=&#8221;{}&#8221;][et_pb_image src=&#8221;https:\/\/www.ngladvisory.com\/wp-content\/uploads\/Maciej-Wiatrak-1.png&#8221; _builder_version=&#8221;4.27.4&#8243; _module_preset=&#8221;default&#8221; global_colors_info=&#8221;{}&#8221;][\/et_pb_image][\/et_pb_column][\/et_pb_row][\/et_pb_section]<\/p>\n","protected":false},"excerpt":{"rendered":"<p>Nasz zesp\u00f3\u0142Maciej WiatrakEXPERTMaciej Wiatrak to do\u015bwiadczony ekspert w dziedzinie energetyki i elektromobilno\u015bci, posiadaj\u0105cy silne zaplecze w zarz\u0105dzaniu projektami, innowacjami i rozwoju produkt\u00f3w. Jego kariera obejmuje intensywne zaanga\u017cowanie w zarz\u0105dzanie inicjatywami badawczo-rozwojowymi (R&amp;D), nadzorowanie du\u017cych projekt\u00f3w innowacyjnych oraz wdra\u017canie nowoczesnych rozwi\u0105za\u0144 w sektorze energetycznym.Pe\u0142ni\u0142 kierownicze stanowiska w jednej z najwi\u0119kszych polskich firm energetycznych, gdzie odegra\u0142 kluczow\u0105 [&hellip;]<\/p>\n","protected":false},"author":5,"featured_media":0,"parent":0,"menu_order":999,"comment_status":"closed","ping_status":"closed","template":"","meta":{"_et_pb_use_builder":"on","_et_pb_old_content":"","_et_gb_content_width":"","inline_featured_image":false,"footnotes":""},"class_list":["post-220304","page","type-page","status-publish","hentry"],"yoast_head":"<!-- This site is optimized with the Yoast SEO plugin v27.5 - https:\/\/yoast.com\/product\/yoast-seo-wordpress\/ -->\n<title>Maciej Wiatrak | NGL Advisory<\/title>\n<meta name=\"robots\" content=\"index, follow, max-snippet:-1, max-image-preview:large, max-video-preview:-1\" \/>\n<link rel=\"canonical\" href=\"https:\/\/www.ngladvisory.com\/pl\/maciej-wiatrak\/\" \/>\n<meta property=\"og:locale\" content=\"pl_PL\" \/>\n<meta property=\"og:type\" content=\"article\" \/>\n<meta property=\"og:title\" content=\"Maciej Wiatrak | NGL Advisory\" \/>\n<meta property=\"og:url\" content=\"https:\/\/www.ngladvisory.com\/pl\/maciej-wiatrak\/\" \/>\n<meta property=\"og:site_name\" content=\"NGL Advisory\" \/>\n<meta property=\"article:modified_time\" content=\"2025-04-28T11:03:22+00:00\" \/>\n<meta name=\"twitter:card\" content=\"summary_large_image\" \/>\n<meta name=\"twitter:label1\" content=\"Szacowany czas czytania\" \/>\n\t<meta name=\"twitter:data1\" content=\"7 minut\" \/>\n<script type=\"application\/ld+json\" class=\"yoast-schema-graph\">{\"@context\":\"https:\\\/\\\/schema.org\",\"@graph\":[{\"@type\":\"WebPage\",\"@id\":\"https:\\\/\\\/www.ngladvisory.com\\\/pl\\\/maciej-wiatrak\\\/\",\"url\":\"https:\\\/\\\/www.ngladvisory.com\\\/pl\\\/maciej-wiatrak\\\/\",\"name\":\"Maciej Wiatrak | NGL Advisory\",\"isPartOf\":{\"@id\":\"https:\\\/\\\/www.ngladvisory.com\\\/pl\\\/#website\"},\"datePublished\":\"2025-04-28T11:03:21+00:00\",\"dateModified\":\"2025-04-28T11:03:22+00:00\",\"breadcrumb\":{\"@id\":\"https:\\\/\\\/www.ngladvisory.com\\\/pl\\\/maciej-wiatrak\\\/#breadcrumb\"},\"inLanguage\":\"pl-PL\",\"potentialAction\":[{\"@type\":\"ReadAction\",\"target\":[\"https:\\\/\\\/www.ngladvisory.com\\\/pl\\\/maciej-wiatrak\\\/\"]}]},{\"@type\":\"BreadcrumbList\",\"@id\":\"https:\\\/\\\/www.ngladvisory.com\\\/pl\\\/maciej-wiatrak\\\/#breadcrumb\",\"itemListElement\":[{\"@type\":\"ListItem\",\"position\":1,\"name\":\"Home\",\"item\":\"https:\\\/\\\/www.ngladvisory.com\\\/pl\\\/\"},{\"@type\":\"ListItem\",\"position\":2,\"name\":\"Maciej Wiatrak\"}]},{\"@type\":\"WebSite\",\"@id\":\"https:\\\/\\\/www.ngladvisory.com\\\/pl\\\/#website\",\"url\":\"https:\\\/\\\/www.ngladvisory.com\\\/pl\\\/\",\"name\":\"NGL Advisory\",\"description\":\"\",\"potentialAction\":[{\"@type\":\"SearchAction\",\"target\":{\"@type\":\"EntryPoint\",\"urlTemplate\":\"https:\\\/\\\/www.ngladvisory.com\\\/pl\\\/?s={search_term_string}\"},\"query-input\":{\"@type\":\"PropertyValueSpecification\",\"valueRequired\":true,\"valueName\":\"search_term_string\"}}],\"inLanguage\":\"pl-PL\"}]}<\/script>\n<!-- \/ Yoast SEO plugin. -->","yoast_head_json":{"title":"Maciej Wiatrak | NGL Advisory","robots":{"index":"index","follow":"follow","max-snippet":"max-snippet:-1","max-image-preview":"max-image-preview:large","max-video-preview":"max-video-preview:-1"},"canonical":"https:\/\/www.ngladvisory.com\/pl\/maciej-wiatrak\/","og_locale":"pl_PL","og_type":"article","og_title":"Maciej Wiatrak | NGL Advisory","og_url":"https:\/\/www.ngladvisory.com\/pl\/maciej-wiatrak\/","og_site_name":"NGL Advisory","article_modified_time":"2025-04-28T11:03:22+00:00","twitter_card":"summary_large_image","twitter_misc":{"Szacowany czas czytania":"7 minut"},"schema":{"@context":"https:\/\/schema.org","@graph":[{"@type":"WebPage","@id":"https:\/\/www.ngladvisory.com\/pl\/maciej-wiatrak\/","url":"https:\/\/www.ngladvisory.com\/pl\/maciej-wiatrak\/","name":"Maciej Wiatrak | NGL Advisory","isPartOf":{"@id":"https:\/\/www.ngladvisory.com\/pl\/#website"},"datePublished":"2025-04-28T11:03:21+00:00","dateModified":"2025-04-28T11:03:22+00:00","breadcrumb":{"@id":"https:\/\/www.ngladvisory.com\/pl\/maciej-wiatrak\/#breadcrumb"},"inLanguage":"pl-PL","potentialAction":[{"@type":"ReadAction","target":["https:\/\/www.ngladvisory.com\/pl\/maciej-wiatrak\/"]}]},{"@type":"BreadcrumbList","@id":"https:\/\/www.ngladvisory.com\/pl\/maciej-wiatrak\/#breadcrumb","itemListElement":[{"@type":"ListItem","position":1,"name":"Home","item":"https:\/\/www.ngladvisory.com\/pl\/"},{"@type":"ListItem","position":2,"name":"Maciej Wiatrak"}]},{"@type":"WebSite","@id":"https:\/\/www.ngladvisory.com\/pl\/#website","url":"https:\/\/www.ngladvisory.com\/pl\/","name":"NGL Advisory","description":"","potentialAction":[{"@type":"SearchAction","target":{"@type":"EntryPoint","urlTemplate":"https:\/\/www.ngladvisory.com\/pl\/?s={search_term_string}"},"query-input":{"@type":"PropertyValueSpecification","valueRequired":true,"valueName":"search_term_string"}}],"inLanguage":"pl-PL"}]}},"jetpack_sharing_enabled":true,"_links":{"self":[{"href":"https:\/\/www.ngladvisory.com\/pl\/wp-json\/wp\/v2\/pages\/220304","targetHints":{"allow":["GET"]}}],"collection":[{"href":"https:\/\/www.ngladvisory.com\/pl\/wp-json\/wp\/v2\/pages"}],"about":[{"href":"https:\/\/www.ngladvisory.com\/pl\/wp-json\/wp\/v2\/types\/page"}],"author":[{"embeddable":true,"href":"https:\/\/www.ngladvisory.com\/pl\/wp-json\/wp\/v2\/users\/5"}],"replies":[{"embeddable":true,"href":"https:\/\/www.ngladvisory.com\/pl\/wp-json\/wp\/v2\/comments?post=220304"}],"version-history":[{"count":2,"href":"https:\/\/www.ngladvisory.com\/pl\/wp-json\/wp\/v2\/pages\/220304\/revisions"}],"predecessor-version":[{"id":220306,"href":"https:\/\/www.ngladvisory.com\/pl\/wp-json\/wp\/v2\/pages\/220304\/revisions\/220306"}],"wp:attachment":[{"href":"https:\/\/www.ngladvisory.com\/pl\/wp-json\/wp\/v2\/media?parent=220304"}],"curies":[{"name":"wp","href":"https:\/\/api.w.org\/{rel}","templated":true}]}}